{"id":1536,"date":"2026-03-25T16:10:02","date_gmt":"2026-03-25T16:10:02","guid":{"rendered":"https:\/\/consultoria.unipiloto.edu.co\/?page_id=1536"},"modified":"2026-04-01T20:58:49","modified_gmt":"2026-04-01T20:58:49","slug":"quieres-trabajar-con-nosotros","status":"publish","type":"page","link":"https:\/\/consultoria.unipiloto.edu.co\/index.php\/quieres-trabajar-con-nosotros\/","title":{"rendered":"\u00bfQuieres trabajar con nosotros?"},"content":{"rendered":"<p>[et_pb_section fb_built=\u00bb1&#8243; _builder_version=\u00bb4.27.4&#8243; _module_preset=\u00bbdefault\u00bb background_color=\u00bb#E02B20&#8243; background_image=\u00bbhttps:\/\/consultoria.unipiloto.edu.co\/wp-content\/uploads\/2024\/08\/alquiler_espacios.jpg\u00bb custom_padding=\u00bb23px||19px|||\u00bb locked=\u00bboff\u00bb global_colors_info=\u00bb{}\u00bb][et_pb_row _builder_version=\u00bb4.27.4&#8243; _module_preset=\u00bbdefault\u00bb global_colors_info=\u00bb{}\u00bb][et_pb_column type=\u00bb4_4&#8243; _builder_version=\u00bb4.27.4&#8243; _module_preset=\u00bbdefault\u00bb global_colors_info=\u00bb{}\u00bb][et_pb_heading title=\u00bb@ET-DC@eyJkeW5hbWljIjp0cnVlLCJjb250ZW50IjoicG9zdF90aXRsZSIsInNldHRpbmdzIjp7ImJlZm9yZSI6IiIsImFmdGVyIjoiIn19@\u00bb _builder_version=\u00bb4.27.4&#8243; _dynamic_attributes=\u00bbtitle\u00bb _module_preset=\u00bbdefault\u00bb title_text_color=\u00bb#FFFFFF\u00bb global_colors_info=\u00bb{}\u00bb][\/et_pb_heading][\/et_pb_column][\/et_pb_row][\/et_pb_section][et_pb_section fb_built=\u00bb1&#8243; _builder_version=\u00bb4.27.4&#8243; _module_preset=\u00bbdefault\u00bb global_colors_info=\u00bb{}\u00bb][et_pb_row column_structure=\u00bb1_2,1_2&#8243; _builder_version=\u00bb4.27.4&#8243; _module_preset=\u00bb5138c454-be54-4233-bd3b-f8e6a8747976&#8243; global_colors_info=\u00bb{}\u00bb][et_pb_column type=\u00bb1_2&#8243; _builder_version=\u00bb4.27.4&#8243; _module_preset=\u00bb73121f80-a3ef-4484-8763-c3f18e3c56d2&#8243; background_color=\u00bb#FFFFFF\u00bb custom_padding=\u00bb30px|30px|30px|30px|true|true\u00bb custom_padding_tablet=\u00bb30px|30px|30px|30px|true|true\u00bb custom_padding_phone=\u00bb20px|20px|20px|20px|true|true\u00bb custom_padding_last_edited=\u00bbon|phone\u00bb animation_style=\u00bbzoom\u00bb border_radii=\u00bbon|6px|6px|6px|6px\u00bb border_color_all=\u00bb#c41c19&#8243; border_width_top=\u00bb2px\u00bb box_shadow_style=\u00bbpreset3&#8243; box_shadow_vertical=\u00bb24px\u00bb box_shadow_blur=\u00bb72px\u00bb box_shadow_spread=\u00bb-12px\u00bb box_shadow_color=\u00bbrgba(0,0,0,0.12)\u00bb global_colors_info=\u00bb{%22gcid-7cadd8b3-5228-48e4-90c4-212d09232f7b%22:%91%22color%22,%22color%22%93,%22gcid-36fd78a7-34bc-404d-873c-dafa34efaae5%22:%91%22color%22%93,%22#03045e%22:%91%22border_color_all%22%93}\u00bb][et_pb_icon font_icon=\u00bb&#xf0c0;||fa||900&#8243; icon_width=\u00bb50px\u00bb _builder_version=\u00bb4.27.4&#8243; _module_preset=\u00bbdefault\u00bb global_colors_info=\u00bb{}\u00bb][\/et_pb_icon][et_pb_text _builder_version=\u00bb4.27.4&#8243; _module_preset=\u00bbdefault\u00bb text_text_color=\u00bb#E02B20&#8243; text_font_size=\u00bb18px\u00bb hover_enabled=\u00bb0&#8243; global_colors_info=\u00bb{}\u00bb sticky_enabled=\u00bb0&#8243;]<\/p>\n<p style=\"text-align: center;\"><strong><span style=\"font-size: 18px; text-align: center;\">S\u00famate a nuestra base de expertos y transformemos juntos los procesos de formaci\u00f3n<\/span><span style=\"font-size: 14px;\">\u00a0<\/span><span style=\"font-size: 14px;\">\u00a0<\/span><\/strong><\/p>\n<p>[\/et_pb_text][et_pb_text _builder_version=\u00bb4.27.4&#8243; _module_preset=\u00bbdefault\u00bb text_font_size=\u00bb16px\u00bb hover_enabled=\u00bb0&#8243; global_colors_info=\u00bb{}\u00bb sticky_enabled=\u00bb0&#8243;]<\/p>\n<p style=\"text-align: justify;\">En <strong>Consultor\u00eda Universidad Piloto de Colombia<\/strong> creemos profundamente en el poder de la educaci\u00f3n y del conocimiento especializado para transformar vidas, impulsar capacidades y generar desarrollo. Nuestro trabajo se fortalece gracias a profesionales como t\u00fa: expertos, consultores, formadores y docentes apasionados, creativos y comprometidos con aportar valor en cada proyecto, aula, proceso pedag\u00f3gico o intervenci\u00f3n social.<\/p>\n<p style=\"text-align: justify;\">Hoy queremos invitarte a formar parte de nuestra <strong>Base de Talento Experto<\/strong>, un espacio dise\u00f1ado para conectar a los mejores profesionales del pa\u00eds con oportunidades reales de trabajo, crecimiento y participaci\u00f3n en iniciativas de alto impacto.<\/p>\n<p>[\/et_pb_text][\/et_pb_column][et_pb_column type=\u00bb1_2&#8243; _builder_version=\u00bb4.27.4&#8243; _module_preset=\u00bb73121f80-a3ef-4484-8763-c3f18e3c56d2&#8243; background_color=\u00bb#FFFFFF\u00bb custom_padding=\u00bb30px|30px|30px|30px|true|true\u00bb custom_padding_tablet=\u00bb30px|30px|30px|30px|true|true\u00bb custom_padding_phone=\u00bb20px|20px|20px|20px|true|true\u00bb custom_padding_last_edited=\u00bbon|phone\u00bb animation_style=\u00bbzoom\u00bb border_radii=\u00bbon|6px|6px|6px|6px\u00bb border_color_all=\u00bb#c41c19&#8243; border_width_top=\u00bb2px\u00bb box_shadow_style=\u00bbpreset3&#8243; box_shadow_vertical=\u00bb24px\u00bb box_shadow_blur=\u00bb72px\u00bb box_shadow_spread=\u00bb-12px\u00bb box_shadow_color=\u00bbrgba(0,0,0,0.12)\u00bb global_colors_info=\u00bb{%22gcid-7cadd8b3-5228-48e4-90c4-212d09232f7b%22:%91%22color%22,%22color%22,%22color%22,%22color%22,%22color%22,%22color%22%93,%22gcid-36fd78a7-34bc-404d-873c-dafa34efaae5%22:%91%22color%22,%22color%22,%22color%22%93,%22#03045e%22:%91%22border_color_all%22%93}\u00bb][et_pb_icon font_icon=\u00bb&#xf4d8;||fa||900&#8243; icon_width=\u00bb50px\u00bb _builder_version=\u00bb4.27.4&#8243; _module_preset=\u00bbdefault\u00bb global_colors_info=\u00bb{}\u00bb][\/et_pb_icon][et_pb_text _builder_version=\u00bb4.27.4&#8243; _module_preset=\u00bbdefault\u00bb text_text_color=\u00bb#E02B20&#8243; text_font_size=\u00bb18px\u00bb hover_enabled=\u00bb0&#8243; global_colors_info=\u00bb{}\u00bb sticky_enabled=\u00bb0&#8243;]<\/p>\n<p style=\"text-align: center;\"><strong><span style=\"font-size: 18px; text-align: center;\">\u00bfQu\u00e9 es nuestra base de expertos?<\/span><span style=\"font-size: 14px;\">\u00a0<\/span><\/strong><\/p>\n<p>[\/et_pb_text][et_pb_text _builder_version=\u00bb4.27.4&#8243; _module_preset=\u00bbdefault\u00bb text_font_size=\u00bb16px\u00bb hover_enabled=\u00bb0&#8243; global_colors_info=\u00bb{}\u00bb sticky_enabled=\u00bb0&#8243;]<\/p>\n<p style=\"text-align: justify;\">Es una comunidad abierta, diversa y en constante expansi\u00f3n, conformada por docentes, consultores, formadores, instructores, tutores, orientadores y especialistas de m\u00faltiples \u00e1reas del conocimiento. Nuestro prop\u00f3sito es integrar a profesionales con experiencia en formaci\u00f3n, asesor\u00eda t\u00e9cnica, intervenci\u00f3n social y acompa\u00f1amiento acad\u00e9mico, para fortalecer los procesos de cada uno de nuestros programas y proyectos.<\/p>\n<p style=\"text-align: justify;\">Ser parte de esta base significa acceder a oportunidades laborales, convocatorias, espacios de actualizaci\u00f3n y actividades dise\u00f1adas para potenciar tu perfil profesional.<\/p>\n<p>[\/et_pb_text][\/et_pb_column][\/et_pb_row][et_pb_row column_structure=\u00bb1_2,1_2&#8243; _builder_version=\u00bb4.27.4&#8243; _module_preset=\u00bb5138c454-be54-4233-bd3b-f8e6a8747976&#8243; global_colors_info=\u00bb{}\u00bb][et_pb_column type=\u00bb1_2&#8243; _builder_version=\u00bb4.27.4&#8243; _module_preset=\u00bb73121f80-a3ef-4484-8763-c3f18e3c56d2&#8243; background_color=\u00bbRGBA(255,255,255,0)\u00bb custom_padding=\u00bb30px|30px|30px|30px|true|true\u00bb custom_padding_tablet=\u00bb30px|30px|30px|30px|true|true\u00bb custom_padding_phone=\u00bb20px|20px|20px|20px|true|true\u00bb custom_padding_last_edited=\u00bbon|phone\u00bb animation_style=\u00bbzoom\u00bb global_colors_info=\u00bb{%22gcid-7cadd8b3-5228-48e4-90c4-212d09232f7b%22:%91%22color%22,%22color%22%93,%22gcid-36fd78a7-34bc-404d-873c-dafa34efaae5%22:%91%22color%22%93,%22#03045e%22:%91%22border_color_all%22%93}\u00bb][et_pb_image src=\u00bbhttps:\/\/consultoria.unipiloto.edu.co\/wp-content\/uploads\/2026\/03\/Estudiante_alchosensor-scaled.jpg\u00bb title_text=\u00bbEstudiante_alchosensor\u00bb _builder_version=\u00bb4.27.4&#8243; _module_preset=\u00bbdefault\u00bb animation_style=\u00bbzoom\u00bb border_radii=\u00bbon|10px|10px|10px|10px\u00bb global_colors_info=\u00bb{}\u00bb][\/et_pb_image][\/et_pb_column][et_pb_column type=\u00bb1_2&#8243; _builder_version=\u00bb4.27.4&#8243; _module_preset=\u00bb73121f80-a3ef-4484-8763-c3f18e3c56d2&#8243; background_color=\u00bb#FFFFFF\u00bb custom_padding=\u00bb30px|30px|30px|30px|true|true\u00bb custom_padding_tablet=\u00bb30px|30px|30px|30px|true|true\u00bb custom_padding_phone=\u00bb20px|20px|20px|20px|true|true\u00bb custom_padding_last_edited=\u00bbon|phone\u00bb animation_style=\u00bbzoom\u00bb border_radii=\u00bbon|6px|6px|6px|6px\u00bb border_color_all=\u00bb#c41c19&#8243; border_width_top=\u00bb2px\u00bb box_shadow_style=\u00bbpreset3&#8243; box_shadow_vertical=\u00bb24px\u00bb box_shadow_blur=\u00bb72px\u00bb box_shadow_spread=\u00bb-12px\u00bb box_shadow_color=\u00bbrgba(0,0,0,0.12)\u00bb global_colors_info=\u00bb{%22gcid-7cadd8b3-5228-48e4-90c4-212d09232f7b%22:%91%22color%22,%22color%22%93,%22gcid-36fd78a7-34bc-404d-873c-dafa34efaae5%22:%91%22color%22%93,%22#03045e%22:%91%22border_color_all%22%93}\u00bb][et_pb_icon font_icon=\u00bb&#xf128;||fa||900&#8243; icon_width=\u00bb50px\u00bb _builder_version=\u00bb4.27.4&#8243; _module_preset=\u00bbdefault\u00bb global_colors_info=\u00bb{}\u00bb][\/et_pb_icon][et_pb_text _builder_version=\u00bb4.27.4&#8243; _module_preset=\u00bbdefault\u00bb text_text_color=\u00bb#E02B20&#8243; text_font_size=\u00bb18px\u00bb global_colors_info=\u00bb{}\u00bb]<\/p>\n<p style=\"text-align: center;\"><strong><span style=\"font-size: 18px; text-align: center;\">\u00bfPor qu\u00e9 unirte?<\/span><\/strong><\/p>\n<p>[\/et_pb_text][et_pb_text _builder_version=\u00bb4.27.4&#8243; _module_preset=\u00bbdefault\u00bb text_font_size=\u00bb16px\u00bb global_colors_info=\u00bb{}\u00bb]<\/p>\n<p style=\"text-align: justify;\">Porque aqu\u00ed <strong>tu experiencia vale<\/strong>, <strong>tu conocimiento suma<\/strong> y <strong>tu vocaci\u00f3n inspira<\/strong>. Al registrarte podr\u00e1s:<\/p>\n<p style=\"text-align: justify;\">\n<ul style=\"text-align: justify;\">\n<li style=\"text-align: justify;\"><strong>Acceder a oportunidades de vinculaci\u00f3n: <\/strong>Participar en procesos de selecci\u00f3n para diversos proyectos educativos en varias regiones del pa\u00eds.<\/li>\n<\/ul>\n<ul style=\"text-align: justify;\">\n<li style=\"text-align: justify;\"><strong>Ser parte de iniciativas de impacto social: <\/strong>Trabajar en programas transformadores que benefician comunidades, fortalecen capacidades y promueven el desarrollo humano.<\/li>\n<\/ul>\n<ul style=\"text-align: justify;\"><\/ul>\n<ul style=\"text-align: justify;\">\n<li>\n<p style=\"text-align: justify;\"><strong>Participar en procesos de formaci\u00f3n: <\/strong>Acceder a talleres, cursos, actualizaciones y espacios de crecimiento profesional que fortalecen tu perfil como docente o formador.<\/p>\n<\/li>\n<\/ul>\n<ul>\n<li style=\"text-align: justify;\"><strong>Conectar con otros profesionales:\u00a0 <\/strong>Ser parte de una red colaborativa donde puedes compartir experiencias, conocimientos y buenas pr\u00e1cticas.<\/li>\n<\/ul>\n<p>[\/et_pb_text][\/et_pb_column][\/et_pb_row][et_pb_row _builder_version=\u00bb4.27.4&#8243; _module_preset=\u00bb5138c454-be54-4233-bd3b-f8e6a8747976&#8243; animation_style=\u00bbzoom\u00bb global_colors_info=\u00bb{}\u00bb][et_pb_column type=\u00bb4_4&#8243; _builder_version=\u00bb4.24.3&#8243; _module_preset=\u00bb73121f80-a3ef-4484-8763-c3f18e3c56d2&#8243; global_colors_info=\u00bb{}\u00bb][et_pb_cta title=\u00bb\u00bfC\u00f3mo unirte a nuestra base de expertos?\u00bb button_url=\u00bbhttps:\/\/hadar.unipiloto.edu.co\/limesurvey\/index.php\/151996?lang=es\u00bb url_new_window=\u00bbon\u00bb button_text=\u00bbQuiero ser parte de la Red Docente\u00bb _builder_version=\u00bb4.27.4&#8243; _module_preset=\u00bb0cae81ab-7223-4b50-8e71-bfb309c58c86&#8243; header_font=\u00bbIBM Plex Sans Condensed|IBM Plex Sans Condensed_weight|||||||\u00bb header_font_size=\u00bb50px\u00bb header_line_height=\u00bb1.2em\u00bb body_font=\u00bbIBM Plex Sans|IBM Plex Sans_weight|||||||\u00bb body_font_size=\u00bb18px\u00bb body_line_height=\u00bb1.75em\u00bb body_link_text_color=\u00bb#FFFFFF\u00bb background_color=\u00bb#03045e\u00bb background_enable_color=\u00bboff\u00bb use_background_color_gradient=\u00bbon\u00bb background_color_gradient_stops=\u00bbrgba(0,0,0,0.75) 0%|rgba(0,0,0,0.75) 100%\u00bb background_color_gradient_overlays_image=\u00bbon\u00bb background_image=\u00bbhttps:\/\/images.unsplash.com\/photo-1758519288969-4806f015852d?ixid=M3w1ODkyNzF8MHwxfHNlYXJjaHw4fHxwcm9mZXNzaW9uYWwlMjBjb25zdWx0YXRpb24lMjBtZWV0aW5nfGVufDB8MHx8fDE3Njc3MTM5MTV8MA&#038;ixlib=rb-4.1.0&#038;fm=webp&#038;fit=crop&#038;crop=entropy&#038;w=1080&#038;h=600&#038;q=20&#038;dpr=2&#8243; custom_button=\u00bbon\u00bb button_text_size=\u00bb14px\u00bb button_text_color=\u00bb#03045e\u00bb button_bg_color=\u00bb#FFFFFF\u00bb button_border_width=\u00bb0px\u00bb button_border_radius=\u00bb100px\u00bb button_font=\u00bbIBM Plex Sans|700|||||||\u00bb button_custom_padding=\u00bb12px|24px|12px|24px|true|true\u00bb custom_padding=\u00bb5vw|60px|5vw|60px|true|true\u00bb custom_padding_tablet=\u00bb|30px||30px|true|true\u00bb custom_padding_phone=\u00bb|20px||20px|true|true\u00bb custom_padding_last_edited=\u00bbon|desktop\u00bb hover_enabled=\u00bb0&#8243; header_font_size_tablet=\u00bb28px\u00bb header_font_size_phone=\u00bb20px\u00bb header_font_size_last_edited=\u00bbon|phone\u00bb body_font_size_tablet=\u00bb16px\u00bb body_font_size_phone=\u00bb14px\u00bb body_font_size_last_edited=\u00bbon|phone\u00bb border_radii=\u00bbon|6px|6px|6px|6px\u00bb locked=\u00bboff\u00bb global_colors_info=\u00bb{}\u00bb text_font_size_tablet=\u00bb16px\u00bb text_font_size_phone=\u00bb14px\u00bb text_font_size_last_edited=\u00bbon|phone\u00bb sticky_enabled=\u00bb0&#8243;]<\/p>\n<p>Es muy sencillo. Solo debes hacer clic en nuestro formulario de registro, compartir tus datos b\u00e1sicos, experiencia y \u00e1reas de especializaci\u00f3n, y quedar\u00e1s autom\u00e1ticamente en nuestra base de datos activa.<\/p>\n<p>Nuestro equipo revisar\u00e1 de manera permanente los perfiles registrados para vincularlos cuando surjan oportunidades acorde a sus competencias.<\/p>\n<p>[\/et_pb_cta][\/et_pb_column][\/et_pb_row][\/et_pb_section]<\/p>\n","protected":false},"excerpt":{"rendered":"<p>S\u00famate a nuestra base de expertos y transformemos juntos los procesos de formaci\u00f3n\u00a0\u00a0En Consultor\u00eda Universidad Piloto de Colombia creemos profundamente en el poder de la educaci\u00f3n y del conocimiento especializado para transformar vidas, impulsar capacidades y generar desarrollo. Nuestro trabajo se fortalece gracias a profesionales como t\u00fa: expertos, consultores, formadores y docentes apasionados, creativos y [&hellip;]<\/p>\n","protected":false},"author":1,"featured_media":0,"parent":0,"menu_order":0,"comment_status":"closed","ping_status":"closed","template":"","meta":{"_et_pb_use_builder":"on","_et_pb_old_content":"","_et_gb_content_width":"","footnotes":""},"class_list":["post-1536","page","type-page","status-publish","hentry"],"yoast_head":"<!-- This site is optimized with the Yoast SEO plugin v24.6 - https:\/\/yoast.com\/wordpress\/plugins\/seo\/ -->\n<title>\u00bfQuieres trabajar con nosotros? - Consultor\u00eda Universidad Piloto de Colombia<\/title>\n<meta name=\"robots\" content=\"index, follow, max-snippet:-1, max-image-preview:large, max-video-preview:-1\" \/>\n<link rel=\"canonical\" href=\"https:\/\/consultoria.unipiloto.edu.co\/index.php\/quieres-trabajar-con-nosotros\/\" \/>\n<meta property=\"og:locale\" content=\"es_ES\" \/>\n<meta property=\"og:type\" content=\"article\" \/>\n<meta property=\"og:title\" content=\"\u00bfQuieres trabajar con nosotros? - Consultor\u00eda Universidad Piloto de Colombia\" \/>\n<meta property=\"og:description\" content=\"S\u00famate a nuestra base de expertos y transformemos juntos los procesos de formaci\u00f3n\u00a0\u00a0En Consultor\u00eda Universidad Piloto de Colombia creemos profundamente en el poder de la educaci\u00f3n y del conocimiento especializado para transformar vidas, impulsar capacidades y generar desarrollo. Nuestro trabajo se fortalece gracias a profesionales como t\u00fa: expertos, consultores, formadores y docentes apasionados, creativos y [&hellip;]\" \/>\n<meta property=\"og:url\" content=\"https:\/\/consultoria.unipiloto.edu.co\/index.php\/quieres-trabajar-con-nosotros\/\" \/>\n<meta property=\"og:site_name\" content=\"Consultor\u00eda Universidad Piloto de Colombia\" \/>\n<meta property=\"article:modified_time\" content=\"2026-04-01T20:58:49+00:00\" \/>\n<meta name=\"twitter:card\" content=\"summary_large_image\" \/>\n<script type=\"application\/ld+json\" class=\"yoast-schema-graph\">{\"@context\":\"https:\/\/schema.org\",\"@graph\":[{\"@type\":\"WebPage\",\"@id\":\"https:\/\/consultoria.unipiloto.edu.co\/index.php\/quieres-trabajar-con-nosotros\/\",\"url\":\"https:\/\/consultoria.unipiloto.edu.co\/index.php\/quieres-trabajar-con-nosotros\/\",\"name\":\"\u00bfQuieres trabajar con nosotros? - Consultor\u00eda Universidad Piloto de Colombia\",\"isPartOf\":{\"@id\":\"https:\/\/consultoria.unipiloto.edu.co\/#website\"},\"datePublished\":\"2026-03-25T16:10:02+00:00\",\"dateModified\":\"2026-04-01T20:58:49+00:00\",\"breadcrumb\":{\"@id\":\"https:\/\/consultoria.unipiloto.edu.co\/index.php\/quieres-trabajar-con-nosotros\/#breadcrumb\"},\"inLanguage\":\"es\",\"potentialAction\":[{\"@type\":\"ReadAction\",\"target\":[\"https:\/\/consultoria.unipiloto.edu.co\/index.php\/quieres-trabajar-con-nosotros\/\"]}]},{\"@type\":\"BreadcrumbList\",\"@id\":\"https:\/\/consultoria.unipiloto.edu.co\/index.php\/quieres-trabajar-con-nosotros\/#breadcrumb\",\"itemListElement\":[{\"@type\":\"ListItem\",\"position\":1,\"name\":\"Portada\",\"item\":\"https:\/\/consultoria.unipiloto.edu.co\/\"},{\"@type\":\"ListItem\",\"position\":2,\"name\":\"\u00bfQuieres trabajar con nosotros?\"}]},{\"@type\":\"WebSite\",\"@id\":\"https:\/\/consultoria.unipiloto.edu.co\/#website\",\"url\":\"https:\/\/consultoria.unipiloto.edu.co\/\",\"name\":\"Consultor\u00eda Universidad Piloto de Colombia\",\"description\":\"\",\"publisher\":{\"@id\":\"https:\/\/consultoria.unipiloto.edu.co\/#organization\"},\"potentialAction\":[{\"@type\":\"SearchAction\",\"target\":{\"@type\":\"EntryPoint\",\"urlTemplate\":\"https:\/\/consultoria.unipiloto.edu.co\/?s={search_term_string}\"},\"query-input\":{\"@type\":\"PropertyValueSpecification\",\"valueRequired\":true,\"valueName\":\"search_term_string\"}}],\"inLanguage\":\"es\"},{\"@type\":\"Organization\",\"@id\":\"https:\/\/consultoria.unipiloto.edu.co\/#organization\",\"name\":\"Consultor\u00eda Universidad Piloto de Colombia\",\"url\":\"https:\/\/consultoria.unipiloto.edu.co\/\",\"logo\":{\"@type\":\"ImageObject\",\"inLanguage\":\"es\",\"@id\":\"https:\/\/consultoria.unipiloto.edu.co\/#\/schema\/logo\/image\/\",\"url\":\"https:\/\/consultoria.unipiloto.edu.co\/wp-content\/uploads\/2025\/03\/Logo-Consultoria-UniPiloto.png\",\"contentUrl\":\"https:\/\/consultoria.unipiloto.edu.co\/wp-content\/uploads\/2025\/03\/Logo-Consultoria-UniPiloto.png\",\"width\":89,\"height\":110,\"caption\":\"Consultor\u00eda Universidad Piloto de Colombia\"},\"image\":{\"@id\":\"https:\/\/consultoria.unipiloto.edu.co\/#\/schema\/logo\/image\/\"}}]}<\/script>\n<!-- \/ Yoast SEO plugin. -->","yoast_head_json":{"title":"\u00bfQuieres trabajar con nosotros? - Consultor\u00eda Universidad Piloto de Colombia","robots":{"index":"index","follow":"follow","max-snippet":"max-snippet:-1","max-image-preview":"max-image-preview:large","max-video-preview":"max-video-preview:-1"},"canonical":"https:\/\/consultoria.unipiloto.edu.co\/index.php\/quieres-trabajar-con-nosotros\/","og_locale":"es_ES","og_type":"article","og_title":"\u00bfQuieres trabajar con nosotros? - Consultor\u00eda Universidad Piloto de Colombia","og_description":"S\u00famate a nuestra base de expertos y transformemos juntos los procesos de formaci\u00f3n\u00a0\u00a0En Consultor\u00eda Universidad Piloto de Colombia creemos profundamente en el poder de la educaci\u00f3n y del conocimiento especializado para transformar vidas, impulsar capacidades y generar desarrollo. Nuestro trabajo se fortalece gracias a profesionales como t\u00fa: expertos, consultores, formadores y docentes apasionados, creativos y [&hellip;]","og_url":"https:\/\/consultoria.unipiloto.edu.co\/index.php\/quieres-trabajar-con-nosotros\/","og_site_name":"Consultor\u00eda Universidad Piloto de Colombia","article_modified_time":"2026-04-01T20:58:49+00:00","twitter_card":"summary_large_image","schema":{"@context":"https:\/\/schema.org","@graph":[{"@type":"WebPage","@id":"https:\/\/consultoria.unipiloto.edu.co\/index.php\/quieres-trabajar-con-nosotros\/","url":"https:\/\/consultoria.unipiloto.edu.co\/index.php\/quieres-trabajar-con-nosotros\/","name":"\u00bfQuieres trabajar con nosotros? - Consultor\u00eda Universidad Piloto de Colombia","isPartOf":{"@id":"https:\/\/consultoria.unipiloto.edu.co\/#website"},"datePublished":"2026-03-25T16:10:02+00:00","dateModified":"2026-04-01T20:58:49+00:00","breadcrumb":{"@id":"https:\/\/consultoria.unipiloto.edu.co\/index.php\/quieres-trabajar-con-nosotros\/#breadcrumb"},"inLanguage":"es","potentialAction":[{"@type":"ReadAction","target":["https:\/\/consultoria.unipiloto.edu.co\/index.php\/quieres-trabajar-con-nosotros\/"]}]},{"@type":"BreadcrumbList","@id":"https:\/\/consultoria.unipiloto.edu.co\/index.php\/quieres-trabajar-con-nosotros\/#breadcrumb","itemListElement":[{"@type":"ListItem","position":1,"name":"Portada","item":"https:\/\/consultoria.unipiloto.edu.co\/"},{"@type":"ListItem","position":2,"name":"\u00bfQuieres trabajar con nosotros?"}]},{"@type":"WebSite","@id":"https:\/\/consultoria.unipiloto.edu.co\/#website","url":"https:\/\/consultoria.unipiloto.edu.co\/","name":"Consultor\u00eda Universidad Piloto de Colombia","description":"","publisher":{"@id":"https:\/\/consultoria.unipiloto.edu.co\/#organization"},"potentialAction":[{"@type":"SearchAction","target":{"@type":"EntryPoint","urlTemplate":"https:\/\/consultoria.unipiloto.edu.co\/?s={search_term_string}"},"query-input":{"@type":"PropertyValueSpecification","valueRequired":true,"valueName":"search_term_string"}}],"inLanguage":"es"},{"@type":"Organization","@id":"https:\/\/consultoria.unipiloto.edu.co\/#organization","name":"Consultor\u00eda Universidad Piloto de Colombia","url":"https:\/\/consultoria.unipiloto.edu.co\/","logo":{"@type":"ImageObject","inLanguage":"es","@id":"https:\/\/consultoria.unipiloto.edu.co\/#\/schema\/logo\/image\/","url":"https:\/\/consultoria.unipiloto.edu.co\/wp-content\/uploads\/2025\/03\/Logo-Consultoria-UniPiloto.png","contentUrl":"https:\/\/consultoria.unipiloto.edu.co\/wp-content\/uploads\/2025\/03\/Logo-Consultoria-UniPiloto.png","width":89,"height":110,"caption":"Consultor\u00eda Universidad Piloto de Colombia"},"image":{"@id":"https:\/\/consultoria.unipiloto.edu.co\/#\/schema\/logo\/image\/"}}]}},"_links":{"self":[{"href":"https:\/\/consultoria.unipiloto.edu.co\/index.php\/wp-json\/wp\/v2\/pages\/1536"}],"collection":[{"href":"https:\/\/consultoria.unipiloto.edu.co\/index.php\/wp-json\/wp\/v2\/pages"}],"about":[{"href":"https:\/\/consultoria.unipiloto.edu.co\/index.php\/wp-json\/wp\/v2\/types\/page"}],"author":[{"embeddable":true,"href":"https:\/\/consultoria.unipiloto.edu.co\/index.php\/wp-json\/wp\/v2\/users\/1"}],"replies":[{"embeddable":true,"href":"https:\/\/consultoria.unipiloto.edu.co\/index.php\/wp-json\/wp\/v2\/comments?post=1536"}],"version-history":[{"count":14,"href":"https:\/\/consultoria.unipiloto.edu.co\/index.php\/wp-json\/wp\/v2\/pages\/1536\/revisions"}],"predecessor-version":[{"id":1598,"href":"https:\/\/consultoria.unipiloto.edu.co\/index.php\/wp-json\/wp\/v2\/pages\/1536\/revisions\/1598"}],"wp:attachment":[{"href":"https:\/\/consultoria.unipiloto.edu.co\/index.php\/wp-json\/wp\/v2\/media?parent=1536"}],"curies":[{"name":"wp","href":"https:\/\/api.w.org\/{rel}","templated":true}]}}